{"id":2,"date":"2020-04-13T10:19:11","date_gmt":"2020-04-13T08:19:11","guid":{"rendered":"http:\/\/unrp-seine-saint-denis.fr\/section\/?page_id=2"},"modified":"2022-02-03T14:55:14","modified_gmt":"2022-02-03T13:55:14","slug":"page-d-exemple","status":"publish","type":"page","link":"https:\/\/unrp-seine-saint-denis.fr\/section\/page-d-exemple\/","title":{"rendered":"ACTUS-INFO"},"content":{"rendered":"<div class=\"art-PostContent\">\r\n<div id=\"art-main\">\r\n<div class=\"art-Sheet\">\r\n<div class=\"art-Sheet-body\">\r\n<div class=\"art-contentLayout\">\r\n<div class=\"art-content\">\r\n<div class=\"art-Post\">\r\n<div class=\"art-Post-body\">\r\n<div class=\"art-Post-inner art-article\">\r\n<div class=\"art-PostContent\">\r\n<p style=\"text-align: center;\"><span style=\"font-family: arial, helvetica, sans-serif; font-size: 24pt; color: #0000ff; background-color: #ffff00;\">Cliquez sur les diff\u00e9rents liens<\/span><\/p>\r\n<div class=\"art-contentLayout\">\r\n<div class=\"art-content\">\r\n<div class=\"art-Post\">\r\n<div class=\"art-Post-body\">\r\n<div class=\"art-Post-inner art-article\">\r\n<div class=\"art-PostContent\">\r\n<div id=\"art-main\">\r\n<div class=\"art-Sheet\">\r\n<div class=\"art-Sheet-body\">\r\n<div class=\"art-contentLayout\">\r\n<div class=\"art-content\">\r\n<div class=\"art-Post\">\r\n<div class=\"art-Post-body\">\r\n<div class=\"art-Post-inner art-article\">\r\n<div class=\"art-PostContent\">\r\n<p><a href=\"http:\/\/udrp71.free.fr\/fichiers\/Lettre-infos-AS-JANVIER-2022.pdf\" target=\"_blank\" rel=\"noopener\"><span style=\"font-size: 24pt;\">Lettre info janvier 2022<\/span><\/a><\/p>\r\n<p><span style=\"font-size: 24pt;\"><a href=\"http:\/\/udrp71.free.fr\/fichiers\/Lettre infos AS DECEMBRE 2021.pdf\" target=\"_blank\" rel=\"noopener\">Lettre info d\u00e9cembre 2021<\/a><\/span><\/p>\r\n<p><span style=\"font-size: 24pt;\"><a href=\"http:\/\/udrp71.free.fr\/fichiers\/Lettre infos avril 2021.pdf\" target=\"_blank\" rel=\"noopener noreferrer\">Lettre info de Avril 2021<\/a><\/span><\/p>\r\n<p><span style=\"font-size: 24pt;\"><a href=\"http:\/\/udrp71.free.fr\/fichiers\/lettre infos de fevrier 2021.pdf\" target=\"_blank\" rel=\"noopener noreferrer\">Lettre info de F\u00e9vrier 2021<\/a><\/span><\/p>\r\n<p>&nbsp;<\/p>\r\n<p>&nbsp;<\/p>\r\n<\/div>\r\n<\/div>\r\n<\/div>\r\n<\/div>\r\n<\/div>\r\n<\/div>\r\n<\/div>\r\n<\/div>\r\n<\/div>\r\n<\/div>\r\n<\/div>\r\n<\/div>\r\n<\/div>\r\n<\/div>\r\n<\/div>\r\n<\/div>\r\n<\/div>\r\n<\/div>\r\n<\/div>\r\n<\/div>\r\n<\/div>\r\n<\/div>\r\n<\/div>\r\n<\/div>\r\n<\/div>\r\n","protected":false},"excerpt":{"rendered":"<p>Cliquez sur les diff\u00e9rents liens Lettre info janvier 2022 Lettre info d\u00e9cembre 2021 Lettre info de Avril 2021 Lettre info de F\u00e9vrier 2021 &nbsp; &nbsp;<\/p>\n","protected":false},"author":1,"featured_media":0,"parent":0,"menu_order":1,"comment_status":"closed","ping_status":"closed","template":"","meta":{"footnotes":""},"class_list":["post-2","page","type-page","status-publish","hentry"],"yoast_head":"<!-- This site is optimized with the Yoast SEO plugin v22.9 - https:\/\/yoast.com\/wordpress\/plugins\/seo\/ -->\n<title>ACTUS-INFO - Site de la Seine Saint-Denis<\/title>\n<meta name=\"robots\" content=\"index, follow, max-snippet:-1, max-image-preview:large, max-video-preview:-1\" \/>\n<link rel=\"canonical\" href=\"https:\/\/unrp-seine-saint-denis.fr\/section\/page-d-exemple\/\" \/>\n<meta property=\"og:locale\" content=\"fr_FR\" \/>\n<meta property=\"og:type\" content=\"article\" \/>\n<meta property=\"og:title\" content=\"ACTUS-INFO - Site de la Seine Saint-Denis\" \/>\n<meta property=\"og:description\" content=\"Cliquez sur les diff\u00e9rents liens Lettre info janvier 2022 Lettre info d\u00e9cembre 2021 Lettre info de Avril 2021 Lettre info de F\u00e9vrier 2021 &nbsp; &nbsp;\" \/>\n<meta property=\"og:url\" content=\"https:\/\/unrp-seine-saint-denis.fr\/section\/page-d-exemple\/\" \/>\n<meta property=\"og:site_name\" content=\"Site de la Seine Saint-Denis\" \/>\n<meta property=\"article:modified_time\" content=\"2022-02-03T13:55:14+00:00\" \/>\n<meta name=\"twitter:card\" content=\"summary_large_image\" \/>\n<script type=\"application\/ld+json\" class=\"yoast-schema-graph\">{\"@context\":\"https:\/\/schema.org\",\"@graph\":[{\"@type\":\"WebPage\",\"@id\":\"https:\/\/unrp-seine-saint-denis.fr\/section\/page-d-exemple\/\",\"url\":\"https:\/\/unrp-seine-saint-denis.fr\/section\/page-d-exemple\/\",\"name\":\"ACTUS-INFO - Site de la Seine Saint-Denis\",\"isPartOf\":{\"@id\":\"https:\/\/unrp-seine-saint-denis.fr\/section\/#website\"},\"datePublished\":\"2020-04-13T08:19:11+00:00\",\"dateModified\":\"2022-02-03T13:55:14+00:00\",\"breadcrumb\":{\"@id\":\"https:\/\/unrp-seine-saint-denis.fr\/section\/page-d-exemple\/#breadcrumb\"},\"inLanguage\":\"fr-FR\",\"potentialAction\":[{\"@type\":\"ReadAction\",\"target\":[\"https:\/\/unrp-seine-saint-denis.fr\/section\/page-d-exemple\/\"]}]},{\"@type\":\"BreadcrumbList\",\"@id\":\"https:\/\/unrp-seine-saint-denis.fr\/section\/page-d-exemple\/#breadcrumb\",\"itemListElement\":[{\"@type\":\"ListItem\",\"position\":1,\"name\":\"Accueil\",\"item\":\"https:\/\/unrp-seine-saint-denis.fr\/section\/\"},{\"@type\":\"ListItem\",\"position\":2,\"name\":\"ACTUS-INFO\"}]},{\"@type\":\"WebSite\",\"@id\":\"https:\/\/unrp-seine-saint-denis.fr\/section\/#website\",\"url\":\"https:\/\/unrp-seine-saint-denis.fr\/section\/\",\"name\":\"Site de la Seine Saint-Denis\",\"description\":\"Toujours plus haut, toujours plus fort.\",\"potentialAction\":[{\"@type\":\"SearchAction\",\"target\":{\"@type\":\"EntryPoint\",\"urlTemplate\":\"https:\/\/unrp-seine-saint-denis.fr\/section\/?s={search_term_string}\"},\"query-input\":\"required name=search_term_string\"}],\"inLanguage\":\"fr-FR\"}]}<\/script>\n<!-- \/ Yoast SEO plugin. -->","yoast_head_json":{"title":"ACTUS-INFO - Site de la Seine Saint-Denis","robots":{"index":"index","follow":"follow","max-snippet":"max-snippet:-1","max-image-preview":"max-image-preview:large","max-video-preview":"max-video-preview:-1"},"canonical":"https:\/\/unrp-seine-saint-denis.fr\/section\/page-d-exemple\/","og_locale":"fr_FR","og_type":"article","og_title":"ACTUS-INFO - Site de la Seine Saint-Denis","og_description":"Cliquez sur les diff\u00e9rents liens Lettre info janvier 2022 Lettre info d\u00e9cembre 2021 Lettre info de Avril 2021 Lettre info de F\u00e9vrier 2021 &nbsp; &nbsp;","og_url":"https:\/\/unrp-seine-saint-denis.fr\/section\/page-d-exemple\/","og_site_name":"Site de la Seine Saint-Denis","article_modified_time":"2022-02-03T13:55:14+00:00","twitter_card":"summary_large_image","schema":{"@context":"https:\/\/schema.org","@graph":[{"@type":"WebPage","@id":"https:\/\/unrp-seine-saint-denis.fr\/section\/page-d-exemple\/","url":"https:\/\/unrp-seine-saint-denis.fr\/section\/page-d-exemple\/","name":"ACTUS-INFO - Site de la Seine Saint-Denis","isPartOf":{"@id":"https:\/\/unrp-seine-saint-denis.fr\/section\/#website"},"datePublished":"2020-04-13T08:19:11+00:00","dateModified":"2022-02-03T13:55:14+00:00","breadcrumb":{"@id":"https:\/\/unrp-seine-saint-denis.fr\/section\/page-d-exemple\/#breadcrumb"},"inLanguage":"fr-FR","potentialAction":[{"@type":"ReadAction","target":["https:\/\/unrp-seine-saint-denis.fr\/section\/page-d-exemple\/"]}]},{"@type":"BreadcrumbList","@id":"https:\/\/unrp-seine-saint-denis.fr\/section\/page-d-exemple\/#breadcrumb","itemListElement":[{"@type":"ListItem","position":1,"name":"Accueil","item":"https:\/\/unrp-seine-saint-denis.fr\/section\/"},{"@type":"ListItem","position":2,"name":"ACTUS-INFO"}]},{"@type":"WebSite","@id":"https:\/\/unrp-seine-saint-denis.fr\/section\/#website","url":"https:\/\/unrp-seine-saint-denis.fr\/section\/","name":"Site de la Seine Saint-Denis","description":"Toujours plus haut, toujours plus fort.","potentialAction":[{"@type":"SearchAction","target":{"@type":"EntryPoint","urlTemplate":"https:\/\/unrp-seine-saint-denis.fr\/section\/?s={search_term_string}"},"query-input":"required name=search_term_string"}],"inLanguage":"fr-FR"}]}},"_links":{"self":[{"href":"https:\/\/unrp-seine-saint-denis.fr\/section\/wp-json\/wp\/v2\/pages\/2","targetHints":{"allow":["GET"]}}],"collection":[{"href":"https:\/\/unrp-seine-saint-denis.fr\/section\/wp-json\/wp\/v2\/pages"}],"about":[{"href":"https:\/\/unrp-seine-saint-denis.fr\/section\/wp-json\/wp\/v2\/types\/page"}],"author":[{"embeddable":true,"href":"https:\/\/unrp-seine-saint-denis.fr\/section\/wp-json\/wp\/v2\/users\/1"}],"replies":[{"embeddable":true,"href":"https:\/\/unrp-seine-saint-denis.fr\/section\/wp-json\/wp\/v2\/comments?post=2"}],"version-history":[{"count":22,"href":"https:\/\/unrp-seine-saint-denis.fr\/section\/wp-json\/wp\/v2\/pages\/2\/revisions"}],"predecessor-version":[{"id":856,"href":"https:\/\/unrp-seine-saint-denis.fr\/section\/wp-json\/wp\/v2\/pages\/2\/revisions\/856"}],"wp:attachment":[{"href":"https:\/\/unrp-seine-saint-denis.fr\/section\/wp-json\/wp\/v2\/media?parent=2"}],"curies":[{"name":"wp","href":"https:\/\/api.w.org\/{rel}","templated":true}]}}